{"id":2,"date":"2015-08-15T08:58:25","date_gmt":"2015-08-15T08:58:25","guid":{"rendered":"http:\/\/www.promovareasanatatii.ro\/?page_id=2"},"modified":"2016-10-28T07:57:10","modified_gmt":"2016-10-28T04:57:10","slug":"despre-noi","status":"publish","type":"page","link":"http:\/\/www.promovareasanatatii.ro\/","title":{"rendered":"DESPRE NOI"},"content":{"rendered":"<p style=\"text-align: justify;\"><strong><span style=\"color: #800000;\"><span style=\"color: #000000;\"><span contextmenu=\"true\">Asocia\u0163ia<\/span> <span contextmenu=\"true\">Umanitar\u0103<\/span> Pentru Promovarea <span contextmenu=\"true\">S\u0103n\u0103t\u0103\u0163ii<\/span> &#8220;Personocra\u0163ia&#8221;<\/span><\/span><span style=\"color: #000000;\">\u00a0<\/span><\/strong><span style=\"color: #000000;\">a fost <span contextmenu=\"true\">\u00eenfiin\u0163at\u0103<\/span> <span contextmenu=\"true\">\u00een<\/span> anul 2011 <span contextmenu=\"true\">la<\/span> <span contextmenu=\"true\">ini\u0163iativa<\/span> unui grup de oameni dornici <span contextmenu=\"true\">s\u0103<\/span> promoveze modul de <span contextmenu=\"true\">via\u0163\u0103<\/span> <span contextmenu=\"true\">s\u0103n\u0103tos<\/span>.<\/span><\/p>\n<p style=\"text-align: justify;\"><span style=\"color: #2a2a2a;\"><span style=\"color: #000000;\">Prin\u00a0<span contextmenu=\"true\">prezent\u0103ri<\/span> de carte, ateliere de lucru, <span contextmenu=\"true\">mese<\/span> rotunde <span contextmenu=\"true\">\u015fi<\/span> <span contextmenu=\"true\">conferin\u0163e<\/span> pe <span contextmenu=\"true\">plan<\/span> local, <span contextmenu=\"true\">jude\u0163ean<\/span> <span contextmenu=\"true\">\u015fi<\/span> <span contextmenu=\"true\">na\u0163ional<\/span>, organizate cu participare <span contextmenu=\"true\">na\u0163ional\u0103<\/span> <span contextmenu=\"true\">\u015fi<\/span> <span contextmenu=\"true\">interna\u0163ional\u0103<\/span>, <span contextmenu=\"true\">asocia\u0163ia<\/span> a <span contextmenu=\"true\">reu\u015fit<\/span> <span contextmenu=\"true\">s\u0103<\/span> informeze <span contextmenu=\"true\">\u015fi<\/span> <span contextmenu=\"true\">s\u0103<\/span> motiveze\u00a0<span contextmenu=\"true\">cet\u0103\u0163enii<\/span> pentru a <span contextmenu=\"true\">\u00eembun\u0103t\u0103\u0163i<\/span> <\/span><span style=\"color: #000000;\"><span contextmenu=\"true\">calitatea<\/span> <span contextmenu=\"true\">vie\u0163ii<\/span>.<\/span><br \/>\n<span style=\"color: #000000;\"> <span contextmenu=\"true\">Asocia\u0163ia<\/span> <span contextmenu=\"true\">\u015fi<\/span>-a propus ameliorarea <span contextmenu=\"true\">st\u0103rii<\/span> de <span contextmenu=\"true\">s\u0103n\u0103tate<\/span> a <span contextmenu=\"true\">popula\u0163iei<\/span> <span contextmenu=\"true\">prin<\/span> <span contextmenu=\"true\">asigurarea<\/span> unor <span contextmenu=\"true\">informa\u0163ii<\/span> despre <span contextmenu=\"true\">cauza<\/span>\/motivul proble<a href=\"http:\/\/www.promovareasanatatii.ro\/wp-content\/uploads\/2015\/08\/foto.png\"><img loading=\"lazy\" class=\"wp-image-22 alignleft\" src=\"http:\/\/www.promovareasanatatii.ro\/wp-content\/uploads\/2015\/08\/foto.png\" alt=\"foto\" width=\"350\" height=\"231\" \/><\/a>melor de <span contextmenu=\"true\">s\u0103n\u0103tate<\/span>, precum <span contextmenu=\"true\">\u015fi<\/span> despre metodele avansate de prevenire a <span contextmenu=\"true\">\u00eemboln\u0103virilor<\/span>.<\/span><br \/>\n<\/span><\/p>\n<p style=\"text-align: justify;\"><span style=\"color: #000000;\"><span contextmenu=\"true\">\u00cenfiin\u0163area<\/span> <span contextmenu=\"true\">acestei<\/span> <span contextmenu=\"true\">asocia\u0163ii<\/span> a fost <span contextmenu=\"true\">motivat\u0103<\/span> de degradarea <span contextmenu=\"true\">accentuat\u0103<\/span> a <span contextmenu=\"true\">st\u0103rii<\/span> de <span contextmenu=\"true\">s\u0103n\u0103tate<\/span> a <span contextmenu=\"true\">popula\u0163iei<\/span>, precum <span contextmenu=\"true\">\u015fi<\/span> de necesitatea <span contextmenu=\"true\">acut\u0103<\/span> de a oferi <span contextmenu=\"true\">solu\u0163ii<\/span> pentru remedierea <span contextmenu=\"true\">\u015fi<\/span> recuperarea celui <span contextmenu=\"true\">mai<\/span> de <span contextmenu=\"true\">pre\u0163<\/span> lucru pe<span contextmenu=\"true\">care<\/span> <span contextmenu=\"true\">\u00eel<\/span> poate avea omul \u2013 <span contextmenu=\"true\">S\u0102N\u0102TATEA<\/span>. <\/span><\/p>\n<p style=\"text-align: justify;\"><span style=\"color: #000000;\">Pentru a <span contextmenu=\"true\">asigura<\/span> un nivel optim <span contextmenu=\"true\">al<\/span> rezultatelor, <span contextmenu=\"true\">asocia\u0163ia<\/span> a <span contextmenu=\"true\">ini\u0163iat<\/span> <span contextmenu=\"true\">\u00eenfiin\u0163area<\/span> unui centru de promovare a <span contextmenu=\"true\">s\u0103n\u0103t\u0103\u0163ii<\/span>, <span contextmenu=\"true\">\u00een<\/span> cadrul <span contextmenu=\"true\">c\u0103ruia<\/span> <span contextmenu=\"true\">va<\/span> <span contextmenu=\"true\">func\u0163iona<\/span> un birou pentru servicii de consiliere a persoanelor aflate <span contextmenu=\"true\">\u00een\u00a0<\/span>impas, un centru de recuperare, <span contextmenu=\"true\">\u00eengrijire<\/span> <span contextmenu=\"true\">\u015fi<\/span> consiliere, precum <span contextmenu=\"true\">\u015fi<\/span> o <span contextmenu=\"true\">microferm\u0103<\/span> agro-<span contextmenu=\"true\">zootehnic\u0103<\/span> <span contextmenu=\"true\">\u00een<\/span> scopul <span contextmenu=\"true\">autofinan\u0163\u0103rii<\/span>. <\/span><\/p>\n<p style=\"text-align: justify;\"><span style=\"color: #2a2a2a;\"><span style=\"color: #000000;\"><span contextmenu=\"true\">Solicit\u0103m<\/span> sprijinul <span contextmenu=\"true\">Dumneavoastr\u0103<\/span> pentru a <span contextmenu=\"true\">putea<\/span> <span contextmenu=\"true\">materializa<\/span> obiectivele <span contextmenu=\"true\">asocia\u0163iei<\/span>, respectiv:<\/span><br \/>\n<\/span><\/p>\n<ul style=\"text-align: justify;\">\n<li><span style=\"color: #000000;\">educarea <span contextmenu=\"true\">cet\u0103\u0163enilor<\/span>; <\/span><\/li>\n<li><span style=\"color: #000000;\">ajutorarea persoanelor aflate <span contextmenu=\"true\">\u00een<\/span> dificultate <\/span><\/li>\n<li><span style=\"color: #000000;\">promovarea <span contextmenu=\"true\">\u015fi<\/span> aplicarea terapiilor complementare, alternative, alopate <span contextmenu=\"true\">\u015fi<\/span> homeopate<\/span><\/li>\n<li><span style=\"color: #000000;\"><span contextmenu=\"true\">a alimenta\u0163iei<\/span> <span contextmenu=\"true\">s\u0103n\u0103toase<\/span>, naturiste <span contextmenu=\"true\">\u015fi<\/span> <span contextmenu=\"true\">tradi\u0163ionale<\/span>; <\/span><\/li>\n<li><span style=\"color: #000000;\">colaborarea cu persoane fizice <span contextmenu=\"true\">\u015fi<\/span> juridice <span contextmenu=\"true\">din<\/span> <span contextmenu=\"true\">\u0163ar\u0103<\/span> <span contextmenu=\"true\">\u015fi<\/span> <span contextmenu=\"true\">str\u0103in\u0103tate<\/span> pentru promovarea ideii <\/span><span style=\"color: #000000;\">de implicare, responsabilitate <span contextmenu=\"true\">\u015fi<\/span> voluntariat <span contextmenu=\"true\">\u00een<\/span> comunitate<\/span><\/li>\n<li><span style=\"color: #000000;\"><span contextmenu=\"true\">sus\u0163inerea<\/span> ideii de <\/span><span style=\"color: #000000;\">solidaritate <span contextmenu=\"true\">uman\u0103<\/span> <span contextmenu=\"true\">\u015fi<\/span> ajutorare a persoanelor aflate <span contextmenu=\"true\">\u00een<\/span> dificultate, <span contextmenu=\"true\">s\u0103race<\/span> <span contextmenu=\"true\">\u015fi<\/span> <\/span><span style=\"color: #000000;\">defavorizate; <\/span><\/li>\n<li><span style=\"color: #000000;\"><span contextmenu=\"true\">activit\u0103\u0163i<\/span> de protejare <span contextmenu=\"true\">\u015fi<\/span> conservare a mediului <span contextmenu=\"true\">\u00eenconjur\u0103tor<\/span>.<\/span><\/li>\n<\/ul>\n<p><span style=\"color: #000000;\">Persoanele <span contextmenu=\"true\">care<\/span> doresc <span contextmenu=\"true\">s\u0103<\/span> <span contextmenu=\"true\">primeasc\u0103<\/span> <span contextmenu=\"true\">calitatea<\/span> de membre ale <span contextmenu=\"true\">asocia\u0163iei<\/span>, pot <span contextmenu=\"true\">semnala<\/span> <span contextmenu=\"true\">c\u0103tre<\/span> <span contextmenu=\"true\">asocia\u0163ie<\/span> <span contextmenu=\"true\">aceast\u0103<\/span> <span contextmenu=\"true\">inten\u0163ie<\/span> a lor <span contextmenu=\"true\">prin<\/span> completarea formularului de contact, <span contextmenu=\"true\">urm\u00e2nd<\/span> a <span contextmenu=\"true\">fi<\/span> contactate pentru detalii. <\/span><\/p>\n<div><\/div>\n<div><\/div>\n<div>\u00a0<a href=\"http:\/\/www.promovareasanatatii.ro\/wp-content\/uploads\/2015\/08\/unnamed1.png\"><img loading=\"lazy\" class=\"aligncenter size-full wp-image-208\" src=\"http:\/\/www.promovareasanatatii.ro\/wp-content\/uploads\/2015\/08\/unnamed1.png\" alt=\"mesaj\" width=\"687\" height=\"120\" srcset=\"http:\/\/www.promovareasanatatii.ro\/wp-content\/uploads\/2015\/08\/unnamed1.png 687w, http:\/\/www.promovareasanatatii.ro\/wp-content\/uploads\/2015\/08\/unnamed1-300x52.png 300w, http:\/\/www.promovareasanatatii.ro\/wp-content\/uploads\/2015\/08\/unnamed1-600x105.png 600w\" sizes=\"(max-width: 687px) 100vw, 687px\" \/><\/a><\/div>\n<p><script type=\"text\/javascript\">\/\/ <![CDATA[ var _clustrmaps = {'url' : 'http:\/\/promovareasanatatii.ro', 'user' : 1162365, 'server' : '3', 'id' : 'clustrmaps-widget', 'version' : 1, 'date' : '2015-03-21', 'lang' : 'en', 'corners' : 'square' };(function (){ var s = document.createElement('script'); s.type = 'text\/javascript'; s.async = true; s.src = 'http:\/\/www3.clustrmaps.com\/counter\/map.js'; var x = document.getElementsByTagName('script')[0]; x.parentNode.insertBefore(s, x);})(); \/\/ ]]><\/script><noscript><a href=\"http:\/\/www3.clustrmaps.com\/user\/c5f11bc7d\"><img src=\"http:\/\/www3.clustrmaps.com\/stats\/maps-no_clusters\/promovareasanatatii.ro-thumb.jpg\" alt=\"Locations of visitors to this page\" \/><\/a><\/noscript><\/p>\n","protected":false},"excerpt":{"rendered":"<p>Asocia\u0163ia Umanitar\u0103 Pentru Promovarea S\u0103n\u0103t\u0103\u0163ii &#8220;Personocra\u0163ia&#8221;\u00a0a fost \u00eenfiin\u0163at\u0103 \u00een anul 2011 la ini\u0163iativa unui grup de oameni dornici s\u0103 promoveze modul de via\u0163\u0103 s\u0103n\u0103tos. Prin\u00a0prezent\u0103ri de carte, ateliere de lucru, mese rotunde \u015fi conferin\u0163e pe plan local, jude\u0163ean \u015fi na\u0163ional, &hellip; <a href=\"http:\/\/www.promovareasanatatii.ro\/\">Continuarea <span class=\"meta-nav\">&rarr;<\/span><\/a><\/p>\n","protected":false},"author":1,"featured_media":0,"parent":0,"menu_order":0,"comment_status":"closed","ping_status":"closed","template":"","meta":[],"yoast_head":"<!-- This site is optimized with the Yoast SEO plugin v18.0 - https:\/\/yoast.com\/wordpress\/plugins\/seo\/ -->\n<meta name=\"robots\" content=\"index, follow, max-snippet:-1, max-image-preview:large, max-video-preview:-1\" \/>\n<link rel=\"canonical\" href=\"http:\/\/www.promovareasanatatii.ro\/\" \/>\n<meta property=\"og:locale\" content=\"ro_RO\" \/>\n<meta property=\"og:type\" content=\"article\" \/>\n<meta property=\"og:title\" content=\"DESPRE NOI - A.U.P.P.S. &quot;PERSONOCRATIA&quot;\" \/>\n<meta property=\"og:description\" content=\"Asocia\u0163ia Umanitar\u0103 Pentru Promovarea S\u0103n\u0103t\u0103\u0163ii &#8220;Personocra\u0163ia&#8221;\u00a0a fost \u00eenfiin\u0163at\u0103 \u00een anul 2011 la ini\u0163iativa unui grup de oameni dornici s\u0103 promoveze modul de via\u0163\u0103 s\u0103n\u0103tos. Prin\u00a0prezent\u0103ri de carte, ateliere de lucru, mese rotunde \u015fi conferin\u0163e pe plan local, jude\u0163ean \u015fi na\u0163ional, &hellip; Continuarea &rarr;\" \/>\n<meta property=\"og:url\" content=\"http:\/\/www.promovareasanatatii.ro\/\" \/>\n<meta property=\"og:site_name\" content=\"A.U.P.P.S. &quot;PERSONOCRATIA&quot;\" \/>\n<meta property=\"article:modified_time\" content=\"2016-10-28T04:57:10+00:00\" \/>\n<meta property=\"og:image\" content=\"http:\/\/www.promovareasanatatii.ro\/wp-content\/uploads\/2015\/08\/foto.png\" \/>\n<meta name=\"twitter:card\" content=\"summary\" \/>\n<meta name=\"twitter:label1\" content=\"Timp estimat pentru citire\" \/>\n\t<meta name=\"twitter:data1\" content=\"2 minute\" \/>\n<script type=\"application\/ld+json\" class=\"yoast-schema-graph\">{\"@context\":\"https:\/\/schema.org\",\"@graph\":[{\"@type\":\"WebSite\",\"@id\":\"http:\/\/www.promovareasanatatii.ro\/#website\",\"url\":\"http:\/\/www.promovareasanatatii.ro\/\",\"name\":\"A.U.P.P.S. &quot;PERSONOCRATIA&quot;\",\"description\":\"ASOCIATIA UMANITARA PENTRU PROMOVAREA SANATATII\",\"potentialAction\":[{\"@type\":\"SearchAction\",\"target\":{\"@type\":\"EntryPoint\",\"urlTemplate\":\"http:\/\/www.promovareasanatatii.ro\/?s={search_term_string}\"},\"query-input\":\"required name=search_term_string\"}],\"inLanguage\":\"ro-RO\"},{\"@type\":\"ImageObject\",\"@id\":\"http:\/\/www.promovareasanatatii.ro\/#primaryimage\",\"inLanguage\":\"ro-RO\",\"url\":\"http:\/\/www.promovareasanatatii.ro\/wp-content\/uploads\/2015\/08\/foto.png\",\"contentUrl\":\"http:\/\/www.promovareasanatatii.ro\/wp-content\/uploads\/2015\/08\/foto.png\",\"width\":159,\"height\":105},{\"@type\":\"WebPage\",\"@id\":\"http:\/\/www.promovareasanatatii.ro\/#webpage\",\"url\":\"http:\/\/www.promovareasanatatii.ro\/\",\"name\":\"DESPRE NOI - A.U.P.P.S. &quot;PERSONOCRATIA&quot;\",\"isPartOf\":{\"@id\":\"http:\/\/www.promovareasanatatii.ro\/#website\"},\"primaryImageOfPage\":{\"@id\":\"http:\/\/www.promovareasanatatii.ro\/#primaryimage\"},\"datePublished\":\"2015-08-15T08:58:25+00:00\",\"dateModified\":\"2016-10-28T04:57:10+00:00\",\"breadcrumb\":{\"@id\":\"http:\/\/www.promovareasanatatii.ro\/#breadcrumb\"},\"inLanguage\":\"ro-RO\",\"potentialAction\":[{\"@type\":\"ReadAction\",\"target\":[\"http:\/\/www.promovareasanatatii.ro\/\"]}]},{\"@type\":\"BreadcrumbList\",\"@id\":\"http:\/\/www.promovareasanatatii.ro\/#breadcrumb\",\"itemListElement\":[{\"@type\":\"ListItem\",\"position\":1,\"name\":\"Prima pagin\u0103\",\"item\":\"http:\/\/www.promovareasanatatii.ro\/\"},{\"@type\":\"ListItem\",\"position\":2,\"name\":\"DESPRE NOI\"}]}]}<\/script>\n<!-- \/ Yoast SEO plugin. -->","yoast_head_json":{"robots":{"index":"index","follow":"follow","max-snippet":"max-snippet:-1","max-image-preview":"max-image-preview:large","max-video-preview":"max-video-preview:-1"},"canonical":"http:\/\/www.promovareasanatatii.ro\/","og_locale":"ro_RO","og_type":"article","og_title":"DESPRE NOI - A.U.P.P.S. &quot;PERSONOCRATIA&quot;","og_description":"Asocia\u0163ia Umanitar\u0103 Pentru Promovarea S\u0103n\u0103t\u0103\u0163ii &#8220;Personocra\u0163ia&#8221;\u00a0a fost \u00eenfiin\u0163at\u0103 \u00een anul 2011 la ini\u0163iativa unui grup de oameni dornici s\u0103 promoveze modul de via\u0163\u0103 s\u0103n\u0103tos. Prin\u00a0prezent\u0103ri de carte, ateliere de lucru, mese rotunde \u015fi conferin\u0163e pe plan local, jude\u0163ean \u015fi na\u0163ional, &hellip; Continuarea &rarr;","og_url":"http:\/\/www.promovareasanatatii.ro\/","og_site_name":"A.U.P.P.S. &quot;PERSONOCRATIA&quot;","article_modified_time":"2016-10-28T04:57:10+00:00","og_image":[{"url":"http:\/\/www.promovareasanatatii.ro\/wp-content\/uploads\/2015\/08\/foto.png"}],"twitter_card":"summary","twitter_misc":{"Timp estimat pentru citire":"2 minute"},"schema":{"@context":"https:\/\/schema.org","@graph":[{"@type":"WebSite","@id":"http:\/\/www.promovareasanatatii.ro\/#website","url":"http:\/\/www.promovareasanatatii.ro\/","name":"A.U.P.P.S. &quot;PERSONOCRATIA&quot;","description":"ASOCIATIA UMANITARA PENTRU PROMOVAREA SANATATII","potentialAction":[{"@type":"SearchAction","target":{"@type":"EntryPoint","urlTemplate":"http:\/\/www.promovareasanatatii.ro\/?s={search_term_string}"},"query-input":"required name=search_term_string"}],"inLanguage":"ro-RO"},{"@type":"ImageObject","@id":"http:\/\/www.promovareasanatatii.ro\/#primaryimage","inLanguage":"ro-RO","url":"http:\/\/www.promovareasanatatii.ro\/wp-content\/uploads\/2015\/08\/foto.png","contentUrl":"http:\/\/www.promovareasanatatii.ro\/wp-content\/uploads\/2015\/08\/foto.png","width":159,"height":105},{"@type":"WebPage","@id":"http:\/\/www.promovareasanatatii.ro\/#webpage","url":"http:\/\/www.promovareasanatatii.ro\/","name":"DESPRE NOI - A.U.P.P.S. &quot;PERSONOCRATIA&quot;","isPartOf":{"@id":"http:\/\/www.promovareasanatatii.ro\/#website"},"primaryImageOfPage":{"@id":"http:\/\/www.promovareasanatatii.ro\/#primaryimage"},"datePublished":"2015-08-15T08:58:25+00:00","dateModified":"2016-10-28T04:57:10+00:00","breadcrumb":{"@id":"http:\/\/www.promovareasanatatii.ro\/#breadcrumb"},"inLanguage":"ro-RO","potentialAction":[{"@type":"ReadAction","target":["http:\/\/www.promovareasanatatii.ro\/"]}]},{"@type":"BreadcrumbList","@id":"http:\/\/www.promovareasanatatii.ro\/#breadcrumb","itemListElement":[{"@type":"ListItem","position":1,"name":"Prima pagin\u0103","item":"http:\/\/www.promovareasanatatii.ro\/"},{"@type":"ListItem","position":2,"name":"DESPRE NOI"}]}]}},"_links":{"self":[{"href":"http:\/\/www.promovareasanatatii.ro\/index.php\/wp-json\/wp\/v2\/pages\/2"}],"collection":[{"href":"http:\/\/www.promovareasanatatii.ro\/index.php\/wp-json\/wp\/v2\/pages"}],"about":[{"href":"http:\/\/www.promovareasanatatii.ro\/index.php\/wp-json\/wp\/v2\/types\/page"}],"author":[{"embeddable":true,"href":"http:\/\/www.promovareasanatatii.ro\/index.php\/wp-json\/wp\/v2\/users\/1"}],"replies":[{"embeddable":true,"href":"http:\/\/www.promovareasanatatii.ro\/index.php\/wp-json\/wp\/v2\/comments?post=2"}],"version-history":[{"count":39,"href":"http:\/\/www.promovareasanatatii.ro\/index.php\/wp-json\/wp\/v2\/pages\/2\/revisions"}],"predecessor-version":[{"id":681,"href":"http:\/\/www.promovareasanatatii.ro\/index.php\/wp-json\/wp\/v2\/pages\/2\/revisions\/681"}],"wp:attachment":[{"href":"http:\/\/www.promovareasanatatii.ro\/index.php\/wp-json\/wp\/v2\/media?parent=2"}],"curies":[{"name":"wp","href":"https:\/\/api.w.org\/{rel}","templated":true}]}}